{"id":665,"date":"2025-06-18T09:58:48","date_gmt":"2025-06-18T09:58:48","guid":{"rendered":"https:\/\/socialnormsandagencylcs.org\/wa-fr\/?page_id=665"},"modified":"2025-08-05T04:51:48","modified_gmt":"2025-08-05T04:51:48","slug":"privacy-policy","status":"publish","type":"page","link":"https:\/\/socialnormsandagencylcs.org\/wa-fr\/privacy-policy\/","title":{"rendered":"Privacy Policy"},"content":{"rendered":"<div class=\"vce-row-container\"><div class=\"vce-row vce-row--col-gap-30 side-space tb-space vce-row-equal-height vce-row-content--top\" data-vce-full-width=\"true\" data-vce-stretch-content=\"true\" id=\"el-8be9c000\" data-vce-do-apply=\"all el-8be9c000\"><div class=\"vce-row-content\" data-vce-element-content=\"true\"><div class=\"vce-col vce-col--md-auto vce-col--xs-1 vce-col--xs-last vce-col--xs-first vce-col--sm-last vce-col--sm-first vce-col--md-last vce-col--lg-last vce-col--xl-last vce-col--md-first vce-col--lg-first vce-col--xl-first\" id=\"el-d80ba64e\"><div class=\"vce-col-inner\" data-vce-do-apply=\"border margin background  el-d80ba64e\"><div class=\"vce-col-content\" data-vce-element-content=\"true\" data-vce-do-apply=\"padding el-d80ba64e\"><div class=\"vce-text-block privacy-text\"><div class=\"vce-text-block-wrapper vce\" id=\"el-bdee591c\" data-vce-do-apply=\"all el-bdee591c\"><h1>Politique de confidentialit\u00e9 du R\u00e9seau des normes sociales et de l'apprentissage collaboratif<\/h1><p><span><span class=\"\">En vous abonnant \u00e0 la newsletter r\u00e9gionale du Social Norms and Agency Learning Collaborative, vous consentez \u00e0 ce que ce dernier utilise votre adresse e-mail conform\u00e9ment \u00e0 la politique d\u00e9crite ici. Nous pouvons \u00e9galement utiliser l'adresse IP de votre appareil pour suivre les tendances de consultation des pages et de t\u00e9l\u00e9chargement des ressources dans votre r\u00e9gion gr\u00e2ce \u00e0 un outil d'analyse.<\/span><\/span><\/p><p><span>Lors de l'inscription \u00e0 une newsletter \u00e9lectronique, nous collectons des informations personnelles. Nous les utilisons pour les raisons suivantes&nbsp;:<\/span><\/p><ul><li aria-level=\"1\"><span>pour vous parler du travail du Learning Collaborative r\u00e9gional<\/span><\/li><li aria-level=\"1\"><span>pour vous contacter si nous avons besoin d'obtenir des informations suppl\u00e9mentaires sur les moyens de s'engager avec le Learning Collaborative<\/span><\/li><li aria-level=\"1\"><span>pour v\u00e9rifier que nos dossiers sont corrects<\/span><\/li><li aria-level=\"1\"><span>pour envoyer des mises \u00e0 jour d'actualit\u00e9s, des invitations \u00e0 des \u00e9v\u00e9nements et des annonces de nouvelles ressources ou publications de notre travail r\u00e9gional<\/span><\/li><\/ul><p><span>Nous faisons appel \u00e0 un prestataire tiers pour la diffusion de notre newsletter, selon le choix de la plateforme du Learning Collaborative r\u00e9gional. Ce dernier recueillera des statistiques sur les taux d'ouverture et de clic des e-mails \u00e0 l'aide de technologies standard du secteur afin de suivre et d'am\u00e9liorer la newsletter et de mieux vous servir.&nbsp;<\/span><\/p><p><span>Nous ne partagerons pas vos donn\u00e9es avec quiconque autre que le fournisseur de la newsletter ou l'\u00e9quipe au sein de Learning Collaborative g\u00e9rant l'adh\u00e9sion.&nbsp;<\/span><\/p><p><span>Le responsable du traitement des donn\u00e9es de chaque bulletin \u00e9lectronique r\u00e9gional et des donn\u00e9es des abonn\u00e9s est l'h\u00f4te organisationnel ou le secr\u00e9tariat de la r\u00e9gion.&nbsp;<\/span><\/p><p><span>Pour contacter les personnes g\u00e9rant les listes d'abonn\u00e9s pour quelque raison que ce soit, contactez le r\u00e9seau Learning Collaborative via West Africa Learning Collaborative \u00e0&nbsp;<\/span><a href=\"mailto:info@westafricalearningcollaborative.com\" rel=\"noopener\"><span>info@westafricalearningcollaborative.com<\/span><\/a><\/p><p><span>Vous pouvez vous d\u00e9sabonner \u00e0 tout moment en cliquant sur le lien de d\u00e9sabonnement figurant au bas de chaque newsletter ou e-mail du Learning Collaborative, ou en contactant directement le Learning Collaborative r\u00e9gional. Si vous vous d\u00e9sabonnez, votre adresse e-mail ne sera plus communiqu\u00e9e.<\/span><\/p><p><span><span class=\"VIpgJd-yAWNEb-VIpgJd-fmcmS-sn54Q\">Vous avez toujours le droit de consulter, de modifier ou de supprimer les informations personnelles que nous d\u00e9tenons. Vous pouvez nous contacter \u00e0 tout moment si vous avez des pr\u00e9occupations que nous n'avons pas trait\u00e9es.<\/span><\/span><\/p><\/div><\/div><\/div><\/div><\/div><\/div><\/div><\/div>\n","protected":false},"excerpt":{"rendered":"<p>Politique de confidentialit\u00e9 du R\u00e9seau des normes sociales et de l&#8217;apprentissage collaboratifEn vous abonnant \u00e0 la newsletter r\u00e9gionale du Social Norms and Agency Learning Collaborative, vous consentez \u00e0 ce que ce dernier utilise votre adresse e-mail conform\u00e9ment \u00e0 la politique d\u00e9crite ici. Nous pouvons \u00e9galement utiliser l&#8217;adresse IP de votre appareil pour suivre les tendances &hellip; <\/p>\n<p class=\"link-more\"><a href=\"https:\/\/socialnormsandagencylcs.org\/wa-fr\/privacy-policy\/\" class=\"more-link\">Continue reading<span class=\"screen-reader-text\"> &#8220;Privacy Policy&#8221;<\/span><\/a><\/p>\n","protected":false},"author":1,"featured_media":0,"parent":0,"menu_order":0,"comment_status":"closed","ping_status":"closed","template":"","meta":{"_acf_changed":false,"inline_featured_image":false,"footnotes":""},"class_list":["post-665","page","type-page","status-publish","hentry"],"acf":[],"yoast_head":"<!-- This site is optimized with the Yoast SEO plugin v27.3 - https:\/\/yoast.com\/product\/yoast-seo-wordpress\/ -->\n<title>Privacy Policy - FWALC<\/title>\n<meta name=\"robots\" content=\"index, follow, max-snippet:-1, max-image-preview:large, max-video-preview:-1\" \/>\n<link rel=\"canonical\" href=\"https:\/\/socialnormsandagencylcs.org\/wa-fr\/privacy-policy\/\" \/>\n<meta property=\"og:locale\" content=\"en_US\" \/>\n<meta property=\"og:type\" content=\"article\" \/>\n<meta property=\"og:title\" content=\"Privacy Policy - FWALC\" \/>\n<meta property=\"og:description\" content=\"Politique de confidentialit\u00e9 du R\u00e9seau des normes sociales et de l&#039;apprentissage collaboratifEn vous abonnant \u00e0 la newsletter r\u00e9gionale du Social Norms and Agency Learning Collaborative, vous consentez \u00e0 ce que ce dernier utilise votre adresse e-mail conform\u00e9ment \u00e0 la politique d\u00e9crite ici. Nous pouvons \u00e9galement utiliser l&#039;adresse IP de votre appareil pour suivre les tendances &hellip; Continue reading &quot;Privacy Policy&quot;\" \/>\n<meta property=\"og:url\" content=\"https:\/\/socialnormsandagencylcs.org\/wa-fr\/privacy-policy\/\" \/>\n<meta property=\"og:site_name\" content=\"SNALC Afrique de l\u2019Ouest\" \/>\n<meta property=\"article:modified_time\" content=\"2025-08-05T04:51:48+00:00\" \/>\n<meta name=\"twitter:card\" content=\"summary_large_image\" \/>\n<meta name=\"twitter:label1\" content=\"Est. reading time\" \/>\n\t<meta name=\"twitter:data1\" content=\"2 minutes\" \/>\n<script type=\"application\/ld+json\" class=\"yoast-schema-graph\">{\"@context\":\"https:\\\/\\\/schema.org\",\"@graph\":[{\"@type\":\"WebPage\",\"@id\":\"https:\\\/\\\/socialnormsandagencylcs.org\\\/wa-fr\\\/privacy-policy\\\/\",\"url\":\"https:\\\/\\\/socialnormsandagencylcs.org\\\/wa-fr\\\/privacy-policy\\\/\",\"name\":\"Privacy Policy - FWALC\",\"isPartOf\":{\"@id\":\"https:\\\/\\\/socialnormsandagencylcs.org\\\/wa-fr\\\/#website\"},\"datePublished\":\"2025-06-18T09:58:48+00:00\",\"dateModified\":\"2025-08-05T04:51:48+00:00\",\"breadcrumb\":{\"@id\":\"https:\\\/\\\/socialnormsandagencylcs.org\\\/wa-fr\\\/privacy-policy\\\/#breadcrumb\"},\"inLanguage\":\"en-US\",\"potentialAction\":[{\"@type\":\"ReadAction\",\"target\":[\"https:\\\/\\\/socialnormsandagencylcs.org\\\/wa-fr\\\/privacy-policy\\\/\"]}]},{\"@type\":\"BreadcrumbList\",\"@id\":\"https:\\\/\\\/socialnormsandagencylcs.org\\\/wa-fr\\\/privacy-policy\\\/#breadcrumb\",\"itemListElement\":[{\"@type\":\"ListItem\",\"position\":1,\"name\":\"Home\",\"item\":\"https:\\\/\\\/socialnormsandagencylcs.org\\\/wa-fr\\\/\"},{\"@type\":\"ListItem\",\"position\":2,\"name\":\"Privacy Policy\"}]},{\"@type\":\"WebSite\",\"@id\":\"https:\\\/\\\/socialnormsandagencylcs.org\\\/wa-fr\\\/#website\",\"url\":\"https:\\\/\\\/socialnormsandagencylcs.org\\\/wa-fr\\\/\",\"name\":\"SNALC Afrique de l\u2019Ouest\",\"description\":\"\",\"potentialAction\":[{\"@type\":\"SearchAction\",\"target\":{\"@type\":\"EntryPoint\",\"urlTemplate\":\"https:\\\/\\\/socialnormsandagencylcs.org\\\/wa-fr\\\/?s={search_term_string}\"},\"query-input\":{\"@type\":\"PropertyValueSpecification\",\"valueRequired\":true,\"valueName\":\"search_term_string\"}}],\"inLanguage\":\"en-US\"}]}<\/script>\n<!-- \/ Yoast SEO plugin. -->","yoast_head_json":{"title":"Privacy Policy - FWALC","robots":{"index":"index","follow":"follow","max-snippet":"max-snippet:-1","max-image-preview":"max-image-preview:large","max-video-preview":"max-video-preview:-1"},"canonical":"https:\/\/socialnormsandagencylcs.org\/wa-fr\/privacy-policy\/","og_locale":"en_US","og_type":"article","og_title":"Privacy Policy - FWALC","og_description":"Politique de confidentialit\u00e9 du R\u00e9seau des normes sociales et de l'apprentissage collaboratifEn vous abonnant \u00e0 la newsletter r\u00e9gionale du Social Norms and Agency Learning Collaborative, vous consentez \u00e0 ce que ce dernier utilise votre adresse e-mail conform\u00e9ment \u00e0 la politique d\u00e9crite ici. Nous pouvons \u00e9galement utiliser l'adresse IP de votre appareil pour suivre les tendances &hellip; Continue reading \"Privacy Policy\"","og_url":"https:\/\/socialnormsandagencylcs.org\/wa-fr\/privacy-policy\/","og_site_name":"SNALC Afrique de l\u2019Ouest","article_modified_time":"2025-08-05T04:51:48+00:00","twitter_card":"summary_large_image","twitter_misc":{"Est. reading time":"2 minutes"},"schema":{"@context":"https:\/\/schema.org","@graph":[{"@type":"WebPage","@id":"https:\/\/socialnormsandagencylcs.org\/wa-fr\/privacy-policy\/","url":"https:\/\/socialnormsandagencylcs.org\/wa-fr\/privacy-policy\/","name":"Privacy Policy - FWALC","isPartOf":{"@id":"https:\/\/socialnormsandagencylcs.org\/wa-fr\/#website"},"datePublished":"2025-06-18T09:58:48+00:00","dateModified":"2025-08-05T04:51:48+00:00","breadcrumb":{"@id":"https:\/\/socialnormsandagencylcs.org\/wa-fr\/privacy-policy\/#breadcrumb"},"inLanguage":"en-US","potentialAction":[{"@type":"ReadAction","target":["https:\/\/socialnormsandagencylcs.org\/wa-fr\/privacy-policy\/"]}]},{"@type":"BreadcrumbList","@id":"https:\/\/socialnormsandagencylcs.org\/wa-fr\/privacy-policy\/#breadcrumb","itemListElement":[{"@type":"ListItem","position":1,"name":"Home","item":"https:\/\/socialnormsandagencylcs.org\/wa-fr\/"},{"@type":"ListItem","position":2,"name":"Privacy Policy"}]},{"@type":"WebSite","@id":"https:\/\/socialnormsandagencylcs.org\/wa-fr\/#website","url":"https:\/\/socialnormsandagencylcs.org\/wa-fr\/","name":"SNALC Afrique de l\u2019Ouest","description":"","potentialAction":[{"@type":"SearchAction","target":{"@type":"EntryPoint","urlTemplate":"https:\/\/socialnormsandagencylcs.org\/wa-fr\/?s={search_term_string}"},"query-input":{"@type":"PropertyValueSpecification","valueRequired":true,"valueName":"search_term_string"}}],"inLanguage":"en-US"}]}},"_links":{"self":[{"href":"https:\/\/socialnormsandagencylcs.org\/wa-fr\/wp-json\/wp\/v2\/pages\/665","targetHints":{"allow":["GET"]}}],"collection":[{"href":"https:\/\/socialnormsandagencylcs.org\/wa-fr\/wp-json\/wp\/v2\/pages"}],"about":[{"href":"https:\/\/socialnormsandagencylcs.org\/wa-fr\/wp-json\/wp\/v2\/types\/page"}],"author":[{"embeddable":true,"href":"https:\/\/socialnormsandagencylcs.org\/wa-fr\/wp-json\/wp\/v2\/users\/1"}],"replies":[{"embeddable":true,"href":"https:\/\/socialnormsandagencylcs.org\/wa-fr\/wp-json\/wp\/v2\/comments?post=665"}],"version-history":[{"count":5,"href":"https:\/\/socialnormsandagencylcs.org\/wa-fr\/wp-json\/wp\/v2\/pages\/665\/revisions"}],"predecessor-version":[{"id":953,"href":"https:\/\/socialnormsandagencylcs.org\/wa-fr\/wp-json\/wp\/v2\/pages\/665\/revisions\/953"}],"wp:attachment":[{"href":"https:\/\/socialnormsandagencylcs.org\/wa-fr\/wp-json\/wp\/v2\/media?parent=665"}],"curies":[{"name":"wp","href":"https:\/\/api.w.org\/{rel}","templated":true}]}}