{"id":655,"date":"2025-06-18T09:55:55","date_gmt":"2025-06-18T09:55:55","guid":{"rendered":"https:\/\/socialnormsandagencylcs.org\/wa-fr\/?page_id=655"},"modified":"2025-08-05T13:44:21","modified_gmt":"2025-08-05T13:44:21","slug":"engage","status":"publish","type":"page","link":"https:\/\/socialnormsandagencylcs.org\/wa-fr\/engage\/","title":{"rendered":"Engage"},"content":{"rendered":"<div class=\"vce-row-container\"><div class=\"vce-row vce-element--xl--has-background vce-element--lg--has-background vce-element--md--has-background vce-element--sm--has-background vce-element--xs--has-background vce-row--col-gap-30 banner-row vce-row-equal-height vce-row-content--bottom\" data-vce-full-width=\"true\" data-vce-stretch-content=\"true\" id=\"el-8c8c94fb\" data-vce-do-apply=\"all el-8c8c94fb\"><div class=\"vce-content-background-container\"><div class=\"vce-asset-background-simple-container vce-visible-xl-only vce-asset-background-simple--style-cover vce-asset-background-simple--position-center-center\"><div class=\"vce-asset-background-simple\">\n              <div class=\"vce-asset-background-simple-item vcv-lozad\" data-background-image=\"https:\/\/socialnormsandagencylcs.org\/wa-fr\/wp-content\/uploads\/sites\/6\/visualcomposer-assets\/templates\/68526846b020d4.02763112\/assets\/elements\/140530-1.webp\"><\/div>\n              <noscript>\n                <div class=\"vce-asset-background-simple-item\" style=\"background-image: url(https:\/\/socialnormsandagencylcs.org\/wa-fr\/wp-content\/uploads\/sites\/6\/visualcomposer-assets\/templates\/68526846b020d4.02763112\/assets\/elements\/140530-1.webp)\"><\/div>\n              <\/noscript>\n            <\/div><\/div><div class=\"vce-asset-background-simple-container vce-visible-lg-only vce-asset-background-simple--style-cover vce-asset-background-simple--position-center-center\"><div class=\"vce-asset-background-simple\">\n              <div class=\"vce-asset-background-simple-item vcv-lozad\" data-background-image=\"https:\/\/socialnormsandagencylcs.org\/wa-fr\/wp-content\/uploads\/sites\/6\/visualcomposer-assets\/templates\/68526846b020d4.02763112\/assets\/elements\/140530-1.webp\"><\/div>\n              <noscript>\n                <div class=\"vce-asset-background-simple-item\" style=\"background-image: url(https:\/\/socialnormsandagencylcs.org\/wa-fr\/wp-content\/uploads\/sites\/6\/visualcomposer-assets\/templates\/68526846b020d4.02763112\/assets\/elements\/140530-1.webp)\"><\/div>\n              <\/noscript>\n            <\/div><\/div><div class=\"vce-asset-background-simple-container vce-visible-md-only vce-asset-background-simple--style-cover vce-asset-background-simple--position-center-center\"><div class=\"vce-asset-background-simple\">\n              <div class=\"vce-asset-background-simple-item vcv-lozad\" data-background-image=\"https:\/\/socialnormsandagencylcs.org\/wa-fr\/wp-content\/uploads\/sites\/6\/visualcomposer-assets\/templates\/68526846b020d4.02763112\/assets\/elements\/140530-1.webp\"><\/div>\n              <noscript>\n                <div class=\"vce-asset-background-simple-item\" style=\"background-image: url(https:\/\/socialnormsandagencylcs.org\/wa-fr\/wp-content\/uploads\/sites\/6\/visualcomposer-assets\/templates\/68526846b020d4.02763112\/assets\/elements\/140530-1.webp)\"><\/div>\n              <\/noscript>\n            <\/div><\/div><div class=\"vce-asset-background-simple-container vce-visible-sm-only vce-asset-background-simple--style-cover vce-asset-background-simple--position-center-center\"><div class=\"vce-asset-background-simple\">\n              <div class=\"vce-asset-background-simple-item vcv-lozad\" data-background-image=\"https:\/\/socialnormsandagencylcs.org\/wa-fr\/wp-content\/uploads\/sites\/6\/visualcomposer-assets\/templates\/68526846b020d4.02763112\/assets\/elements\/140530-1.webp\"><\/div>\n              <noscript>\n                <div class=\"vce-asset-background-simple-item\" style=\"background-image: url(https:\/\/socialnormsandagencylcs.org\/wa-fr\/wp-content\/uploads\/sites\/6\/visualcomposer-assets\/templates\/68526846b020d4.02763112\/assets\/elements\/140530-1.webp)\"><\/div>\n              <\/noscript>\n            <\/div><\/div><div class=\"vce-asset-background-simple-container vce-visible-xs-only vce-asset-background-simple--style-cover vce-asset-background-simple--position-center-center\"><div class=\"vce-asset-background-simple\">\n              <div class=\"vce-asset-background-simple-item vcv-lozad\" data-background-image=\"https:\/\/socialnormsandagencylcs.org\/wa-fr\/wp-content\/uploads\/sites\/6\/visualcomposer-assets\/templates\/68526846b020d4.02763112\/assets\/elements\/image-5.png\"><\/div>\n              <noscript>\n                <div class=\"vce-asset-background-simple-item\" style=\"background-image: url(https:\/\/socialnormsandagencylcs.org\/wa-fr\/wp-content\/uploads\/sites\/6\/visualcomposer-assets\/templates\/68526846b020d4.02763112\/assets\/elements\/image-5.png)\"><\/div>\n              <\/noscript>\n            <\/div><\/div><\/div><div class=\"vce-row-content\" data-vce-element-content=\"true\"><div class=\"vce-col vce-col--md-auto vce-col--xs-1 vce-col--xs-last vce-col--xs-first vce-col--sm-last vce-col--sm-first vce-col--md-last vce-col--lg-last vce-col--xl-last vce-col--md-first vce-col--lg-first vce-col--xl-first banner-column\" id=\"el-3f1a7be1\"><div class=\"vce-col-inner\" data-vce-do-apply=\"border margin background  el-3f1a7be1\"><div class=\"vce-col-content\" data-vce-element-content=\"true\" data-vce-do-apply=\"padding el-3f1a7be1\"><div class=\"vce-text-block banner-text\"><div class=\"vce-text-block-wrapper vce\" id=\"el-28f9bae7\" data-vce-do-apply=\"all el-28f9bae7\"><h2>S'engager<\/h2><\/div><\/div><\/div><\/div><\/div><\/div><\/div><\/div><div class=\"vce-row-container\"><div class=\"vce-row vce-row--col-gap-30  side-space tb-space engage-row vce-row-equal-height vce-row-content--top\" data-vce-full-width=\"true\" data-vce-stretch-content=\"true\" id=\"el-c8bfe6a4\" data-vce-do-apply=\"all el-c8bfe6a4\"><div class=\"vce-content-background-container\"><\/div><div class=\"vce-row-content\" data-vce-element-content=\"true\"><div class=\"vce-col vce-col--md-100p vce-col--xs-1 vce-col--xs-last vce-col--xs-first vce-col--sm-last vce-col--sm-first vce-col--md-last vce-col--lg-last vce-col--xl-last vce-col--md-first vce-col--lg-first vce-col--xl-first advancing-col\" id=\"el-9313cbd2\"><div class=\"vce-col-inner\" data-vce-do-apply=\"border margin background  el-9313cbd2\"><div class=\"vce-col-content\" data-vce-element-content=\"true\" data-vce-do-apply=\"padding el-9313cbd2\"><div class=\"vce-text-block\"><div class=\"vce-text-block-wrapper vce\" id=\"el-ac30fc47\" data-vce-do-apply=\"all el-ac30fc47\"><p>En tant que membre du LC Afrique de l'Ouest francophone, vous rejoindrez un r\u00e9seau d'universitaires, de chercheurs, de praticiens, de bailleurs de fonds, de d\u00e9cideurs politiques et autres acteurs engag\u00e9s, travaillant sur les normes sociales et l'action \u00e0 l'\u00e9chelle mondiale. En tant que membre de ce r\u00e9seau, vous acc\u00e9derez \u00e0 des ressources, des experts et des r\u00e9seaux de pointe qui nous permettront \u00e0 tous de collaborer et d'am\u00e9liorer notre travail. Si cela vous int\u00e9resse, veuillez contacter le LC par courriel ou vous inscrire sur notre liste de diffusion.&nbsp;<\/p><\/div><\/div><\/div><\/div><\/div><div class=\"vce-col vce-col--md-100p vce-col--xs-1 vce-col--xs-last vce-col--xs-first vce-col--sm-last vce-col--sm-first vce-col--md-last vce-col--lg-last vce-col--xl-last vce-col--md-first vce-col--lg-first vce-col--xl-first engage-btn-col\" id=\"el-36fe13ca\"><div class=\"vce-col-inner\" data-vce-do-apply=\"border margin background  el-36fe13ca\"><div class=\"vce-col-content\" data-vce-element-content=\"true\" data-vce-do-apply=\"padding el-36fe13ca\"><div class=\"vce-button--style-basic-container subscribe-btn vce-button--style-basic-container--align-center\"><span class=\"vce-button--style-basic-wrapper vce\" id=\"el-4d982e95\" data-vce-do-apply=\"margin el-4d982e95\"><a class=\"vce-button vce-button--style-basic vce-button--style-basic--border-square vce-button--style-basic--size-medium vce-button--style-basic--color-ba-0-0-0-0--b-255-255-255\" href=\"mailto:info@westafricalearningcollaborative.com\" title=\"\" target=\"_blank\" rel=\"nofollow\" id=\"send-us-email-wa\" data-vce-do-apply=\"padding border background  el-4d982e95\">Envoyez-nous un e-mail<\/a><\/span><\/div><div class=\"vce-button--style-basic-container subscribe-btn vce-button--style-basic-container--align-center\"><span class=\"vce-button--style-basic-wrapper vce\" id=\"el-5d8d5c92\" data-vce-do-apply=\"margin el-5d8d5c92\"><a class=\"vce-button vce-button--style-basic vce-button--style-basic--border-square vce-button--style-basic--size-medium vce-button--style-basic--color-ba-0-0-0-0--b-255-255-255\" href=\"https:\/\/docs.google.com\/forms\/d\/e\/1FAIpQLSfvZ35U66d55sqHtwDI1Zj8mr6FvgHuQIwRNhgrKZaIkn89PQ\/viewform\" title=\"\" target=\"_blank\" rel=\"nofollow\" id=\"fill-the-form-wa\" data-vce-do-apply=\"padding border background  el-5d8d5c92\">Rejoignez notre liste de contacts<\/a><\/span><\/div><\/div><\/div><\/div><\/div><\/div><\/div>\n","protected":false},"excerpt":{"rendered":"<p>S&#8217;engagerEn tant que membre du LC Afrique de l&#8217;Ouest francophone, vous rejoindrez un r\u00e9seau d&#8217;universitaires, de chercheurs, de praticiens, de bailleurs de fonds, de d\u00e9cideurs politiques et autres acteurs engag\u00e9s, travaillant sur les normes sociales et l&#8217;action \u00e0 l&#8217;\u00e9chelle mondiale. En tant que membre de ce r\u00e9seau, vous acc\u00e9derez \u00e0 des ressources, des experts et &hellip; <\/p>\n<p class=\"link-more\"><a href=\"https:\/\/socialnormsandagencylcs.org\/wa-fr\/engage\/\" class=\"more-link\">Continue reading<span class=\"screen-reader-text\"> &#8220;Engage&#8221;<\/span><\/a><\/p>\n","protected":false},"author":1,"featured_media":0,"parent":0,"menu_order":0,"comment_status":"closed","ping_status":"closed","template":"","meta":{"_acf_changed":false,"inline_featured_image":false,"footnotes":""},"class_list":["post-655","page","type-page","status-publish","hentry"],"acf":[],"yoast_head":"<!-- This site is optimized with the Yoast SEO plugin v27.3 - https:\/\/yoast.com\/product\/yoast-seo-wordpress\/ -->\n<title>Engage - FWALC<\/title>\n<meta name=\"robots\" content=\"index, follow, max-snippet:-1, max-image-preview:large, max-video-preview:-1\" \/>\n<link rel=\"canonical\" href=\"https:\/\/socialnormsandagencylcs.org\/wa-fr\/engage\/\" \/>\n<meta property=\"og:locale\" content=\"en_US\" \/>\n<meta property=\"og:type\" content=\"article\" \/>\n<meta property=\"og:title\" content=\"Engage - FWALC\" \/>\n<meta property=\"og:description\" content=\"S&#039;engagerEn tant que membre du LC Afrique de l&#039;Ouest francophone, vous rejoindrez un r\u00e9seau d&#039;universitaires, de chercheurs, de praticiens, de bailleurs de fonds, de d\u00e9cideurs politiques et autres acteurs engag\u00e9s, travaillant sur les normes sociales et l&#039;action \u00e0 l&#039;\u00e9chelle mondiale. En tant que membre de ce r\u00e9seau, vous acc\u00e9derez \u00e0 des ressources, des experts et &hellip; Continue reading &quot;Engage&quot;\" \/>\n<meta property=\"og:url\" content=\"https:\/\/socialnormsandagencylcs.org\/wa-fr\/engage\/\" \/>\n<meta property=\"og:site_name\" content=\"SNALC Afrique de l\u2019Ouest\" \/>\n<meta property=\"article:modified_time\" content=\"2025-08-05T13:44:21+00:00\" \/>\n<meta name=\"twitter:card\" content=\"summary_large_image\" \/>\n<meta name=\"twitter:label1\" content=\"Est. reading time\" \/>\n\t<meta name=\"twitter:data1\" content=\"1 minute\" \/>\n<script type=\"application\/ld+json\" class=\"yoast-schema-graph\">{\"@context\":\"https:\\\/\\\/schema.org\",\"@graph\":[{\"@type\":\"WebPage\",\"@id\":\"https:\\\/\\\/socialnormsandagencylcs.org\\\/wa-fr\\\/engage\\\/\",\"url\":\"https:\\\/\\\/socialnormsandagencylcs.org\\\/wa-fr\\\/engage\\\/\",\"name\":\"Engage - FWALC\",\"isPartOf\":{\"@id\":\"https:\\\/\\\/socialnormsandagencylcs.org\\\/wa-fr\\\/#website\"},\"datePublished\":\"2025-06-18T09:55:55+00:00\",\"dateModified\":\"2025-08-05T13:44:21+00:00\",\"breadcrumb\":{\"@id\":\"https:\\\/\\\/socialnormsandagencylcs.org\\\/wa-fr\\\/engage\\\/#breadcrumb\"},\"inLanguage\":\"en-US\",\"potentialAction\":[{\"@type\":\"ReadAction\",\"target\":[\"https:\\\/\\\/socialnormsandagencylcs.org\\\/wa-fr\\\/engage\\\/\"]}]},{\"@type\":\"BreadcrumbList\",\"@id\":\"https:\\\/\\\/socialnormsandagencylcs.org\\\/wa-fr\\\/engage\\\/#breadcrumb\",\"itemListElement\":[{\"@type\":\"ListItem\",\"position\":1,\"name\":\"Home\",\"item\":\"https:\\\/\\\/socialnormsandagencylcs.org\\\/wa-fr\\\/\"},{\"@type\":\"ListItem\",\"position\":2,\"name\":\"Engage\"}]},{\"@type\":\"WebSite\",\"@id\":\"https:\\\/\\\/socialnormsandagencylcs.org\\\/wa-fr\\\/#website\",\"url\":\"https:\\\/\\\/socialnormsandagencylcs.org\\\/wa-fr\\\/\",\"name\":\"SNALC Afrique de l\u2019Ouest\",\"description\":\"\",\"potentialAction\":[{\"@type\":\"SearchAction\",\"target\":{\"@type\":\"EntryPoint\",\"urlTemplate\":\"https:\\\/\\\/socialnormsandagencylcs.org\\\/wa-fr\\\/?s={search_term_string}\"},\"query-input\":{\"@type\":\"PropertyValueSpecification\",\"valueRequired\":true,\"valueName\":\"search_term_string\"}}],\"inLanguage\":\"en-US\"}]}<\/script>\n<!-- \/ Yoast SEO plugin. -->","yoast_head_json":{"title":"Engage - FWALC","robots":{"index":"index","follow":"follow","max-snippet":"max-snippet:-1","max-image-preview":"max-image-preview:large","max-video-preview":"max-video-preview:-1"},"canonical":"https:\/\/socialnormsandagencylcs.org\/wa-fr\/engage\/","og_locale":"en_US","og_type":"article","og_title":"Engage - FWALC","og_description":"S'engagerEn tant que membre du LC Afrique de l'Ouest francophone, vous rejoindrez un r\u00e9seau d'universitaires, de chercheurs, de praticiens, de bailleurs de fonds, de d\u00e9cideurs politiques et autres acteurs engag\u00e9s, travaillant sur les normes sociales et l'action \u00e0 l'\u00e9chelle mondiale. En tant que membre de ce r\u00e9seau, vous acc\u00e9derez \u00e0 des ressources, des experts et &hellip; Continue reading \"Engage\"","og_url":"https:\/\/socialnormsandagencylcs.org\/wa-fr\/engage\/","og_site_name":"SNALC Afrique de l\u2019Ouest","article_modified_time":"2025-08-05T13:44:21+00:00","twitter_card":"summary_large_image","twitter_misc":{"Est. reading time":"1 minute"},"schema":{"@context":"https:\/\/schema.org","@graph":[{"@type":"WebPage","@id":"https:\/\/socialnormsandagencylcs.org\/wa-fr\/engage\/","url":"https:\/\/socialnormsandagencylcs.org\/wa-fr\/engage\/","name":"Engage - FWALC","isPartOf":{"@id":"https:\/\/socialnormsandagencylcs.org\/wa-fr\/#website"},"datePublished":"2025-06-18T09:55:55+00:00","dateModified":"2025-08-05T13:44:21+00:00","breadcrumb":{"@id":"https:\/\/socialnormsandagencylcs.org\/wa-fr\/engage\/#breadcrumb"},"inLanguage":"en-US","potentialAction":[{"@type":"ReadAction","target":["https:\/\/socialnormsandagencylcs.org\/wa-fr\/engage\/"]}]},{"@type":"BreadcrumbList","@id":"https:\/\/socialnormsandagencylcs.org\/wa-fr\/engage\/#breadcrumb","itemListElement":[{"@type":"ListItem","position":1,"name":"Home","item":"https:\/\/socialnormsandagencylcs.org\/wa-fr\/"},{"@type":"ListItem","position":2,"name":"Engage"}]},{"@type":"WebSite","@id":"https:\/\/socialnormsandagencylcs.org\/wa-fr\/#website","url":"https:\/\/socialnormsandagencylcs.org\/wa-fr\/","name":"SNALC Afrique de l\u2019Ouest","description":"","potentialAction":[{"@type":"SearchAction","target":{"@type":"EntryPoint","urlTemplate":"https:\/\/socialnormsandagencylcs.org\/wa-fr\/?s={search_term_string}"},"query-input":{"@type":"PropertyValueSpecification","valueRequired":true,"valueName":"search_term_string"}}],"inLanguage":"en-US"}]}},"_links":{"self":[{"href":"https:\/\/socialnormsandagencylcs.org\/wa-fr\/wp-json\/wp\/v2\/pages\/655","targetHints":{"allow":["GET"]}}],"collection":[{"href":"https:\/\/socialnormsandagencylcs.org\/wa-fr\/wp-json\/wp\/v2\/pages"}],"about":[{"href":"https:\/\/socialnormsandagencylcs.org\/wa-fr\/wp-json\/wp\/v2\/types\/page"}],"author":[{"embeddable":true,"href":"https:\/\/socialnormsandagencylcs.org\/wa-fr\/wp-json\/wp\/v2\/users\/1"}],"replies":[{"embeddable":true,"href":"https:\/\/socialnormsandagencylcs.org\/wa-fr\/wp-json\/wp\/v2\/comments?post=655"}],"version-history":[{"count":6,"href":"https:\/\/socialnormsandagencylcs.org\/wa-fr\/wp-json\/wp\/v2\/pages\/655\/revisions"}],"predecessor-version":[{"id":955,"href":"https:\/\/socialnormsandagencylcs.org\/wa-fr\/wp-json\/wp\/v2\/pages\/655\/revisions\/955"}],"wp:attachment":[{"href":"https:\/\/socialnormsandagencylcs.org\/wa-fr\/wp-json\/wp\/v2\/media?parent=655"}],"curies":[{"name":"wp","href":"https:\/\/api.w.org\/{rel}","templated":true}]}}