{"id":625,"date":"2025-06-18T09:42:29","date_gmt":"2025-06-18T09:42:29","guid":{"rendered":"https:\/\/socialnormsandagencylcs.org\/wa-fr\/?page_id=625"},"modified":"2025-08-05T13:42:47","modified_gmt":"2025-08-05T13:42:47","slug":"about-us","status":"publish","type":"page","link":"https:\/\/socialnormsandagencylcs.org\/wa-fr\/about-us\/","title":{"rendered":"About Us"},"content":{"rendered":"<div class=\"vce-row-container\"><div class=\"vce-row vce-element--has-background vce-row--col-gap-30 banner-row vce-row-equal-height vce-row-content--bottom\" data-vce-full-width=\"true\" data-vce-stretch-content=\"true\" id=\"el-1469b8ce\" data-vce-do-apply=\"all el-1469b8ce\"><div class=\"vce-content-background-container\"><div class=\"vce-asset-background-simple-container vce-visible-all-only vce-asset-background-simple--style-cover vce-asset-background-simple--position-left-center\"><div class=\"vce-asset-background-simple\">\n              <div class=\"vce-asset-background-simple-item vcv-lozad\" data-background-image=\"https:\/\/socialnormsandagencylcs.org\/wa-fr\/wp-content\/uploads\/sites\/6\/2025\/07\/travaux-de-group-Atelier-Lome-2-e1751520087396.webp\"><\/div>\n              <noscript>\n                <div class=\"vce-asset-background-simple-item\" style=\"background-image: url(https:\/\/socialnormsandagencylcs.org\/wa-fr\/wp-content\/uploads\/sites\/6\/2025\/07\/travaux-de-group-Atelier-Lome-2-e1751520087396.webp)\"><\/div>\n              <\/noscript>\n            <\/div><\/div><\/div><div class=\"vce-row-content\" data-vce-element-content=\"true\"><div class=\"vce-col vce-col--md-auto vce-col--xs-1 vce-col--xs-last vce-col--xs-first vce-col--sm-last vce-col--sm-first vce-col--md-last vce-col--lg-last vce-col--xl-last vce-col--md-first vce-col--lg-first vce-col--xl-first banner-column\" id=\"el-49efc539\"><div class=\"vce-col-inner\" data-vce-do-apply=\"border margin background  el-49efc539\"><div class=\"vce-col-content\" data-vce-element-content=\"true\" data-vce-do-apply=\"padding el-49efc539\"><div class=\"vce-text-block banner-text\"><div class=\"vce-text-block-wrapper vce\" id=\"el-6920c358\" data-vce-do-apply=\"all el-6920c358\"><h2>\u00c0 propos de nous<\/h2><\/div><\/div><\/div><\/div><\/div><\/div><\/div><\/div><div class=\"vce-row-container\"><div class=\"vce-row vce-row--col-gap-30 tb-space side-space whowe-row vce-row-equal-height vce-row-content--middle\" data-vce-full-width=\"true\" data-vce-stretch-content=\"true\" id=\"el-b4ae3124\" data-vce-do-apply=\"all el-b4ae3124\"><div class=\"vce-row-content\" data-vce-element-content=\"true\"><div class=\"vce-col vce-col--xs-100p vce-col--xs-visible vce-col--xs-last vce-col--xs-first vce-col--sm-100p vce-col--sm-visible vce-col--sm-last vce-col--sm-first vce-col--md-100p vce-col--md-visible vce-col--md-last vce-col--md-first vce-col--lg-100p vce-col--lg-visible vce-col--lg-last vce-col--lg-first vce-col--xl-100p vce-col--xl-visible vce-col--xl-last vce-col--xl-first column-box-1\" id=\"el-575a4311\"><div class=\"vce-col-inner\" data-vce-do-apply=\"border margin background  el-575a4311\"><div class=\"vce-col-content\" data-vce-element-content=\"true\" data-vce-do-apply=\"padding el-575a4311\"><div class=\"vce-text-block inside-box\"><div class=\"vce-text-block-wrapper vce\" id=\"el-7c19033f\" data-vce-do-apply=\"all el-7c19033f\"><h2><span class=\"\">Qui sommes-nous<\/span><\/h2><p>la Communaut\u00e9 d\u2019apprentissage sur les normes sociales et l\u2019Agentivit\u00e9 est un r\u00e9seau de praticiens, chercheurs, de d\u00e9cideurs et responsable de programme en Afrique Francophone ayant des int\u00e9r\u00eats communs sur la recherche et les interventions sur le genre, les normes sociales et l\u2019agentivit\u00e9 dans le domaine de la sant\u00e9 et le d\u00e9veloppement.<\/p><\/div><\/div><div class=\"vce-single-image-container people-siting vce-single-image--align-right\"><div class=\"vce vce-single-image-wrapper\" id=\"el-af81c206\" data-vce-do-apply=\"all el-af81c206\"><figure><div class=\"vce-single-image-figure-inner\" style=\"width: 1024px;\"><div class=\"vce-single-image-inner vce-single-image--absolute\" style=\"width: 100%; padding-bottom: 86.4258%;\"><img loading=\"lazy\" decoding=\"async\" class=\"vce-single-image\"  width=\"1024\" height=\"885\" srcset=\"https:\/\/socialnormsandagencylcs.org\/wa-fr\/wp-content\/uploads\/sites\/6\/2025\/07\/Presentation-LOme1-e1751520146304-1024x886.webp 1024w, https:\/\/socialnormsandagencylcs.org\/wa-fr\/wp-content\/uploads\/sites\/6\/2025\/07\/Presentation-LOme1-e1751520146304-320x277.webp 320w, https:\/\/socialnormsandagencylcs.org\/wa-fr\/wp-content\/uploads\/sites\/6\/2025\/07\/Presentation-LOme1-e1751520146304-480x415.webp 480w, https:\/\/socialnormsandagencylcs.org\/wa-fr\/wp-content\/uploads\/sites\/6\/2025\/07\/Presentation-LOme1-e1751520146304-800x692.webp 800w\" src=\"https:\/\/socialnormsandagencylcs.org\/wa-fr\/wp-content\/uploads\/sites\/6\/2025\/07\/Presentation-LOme1-e1751520146304-1024x886.webp\" data-img-src=\"https:\/\/socialnormsandagencylcs.org\/wa-fr\/wp-content\/uploads\/sites\/6\/2025\/07\/Presentation-LOme1-e1751520146304.webp\" data-attachment-id=\"923\"  alt=\"Presentation LOme1\" title=\"\" \/><\/div><\/div><figcaption hidden=\"\"><\/figcaption><\/figure><\/div><\/div><\/div><\/div><\/div><\/div><\/div><\/div><div class=\"vce-row-container\"><div class=\"vce-row vce-element--has-background vce-row--col-gap-30 tb-space our-vision-main-row vce-row-equal-height vce-row-content--top\" data-vce-full-width=\"true\" data-vce-stretch-content=\"true\" id=\"el-b7803a52\" data-vce-do-apply=\"all el-b7803a52\"><div class=\"vce-content-background-container\"><\/div><div class=\"vce-row-content\" data-vce-element-content=\"true\"><div class=\"vce-col vce-col--md-100p vce-col--xs-1 vce-col--xs-last vce-col--xs-first vce-col--sm-last vce-col--sm-first vce-col--md-last vce-col--lg-last vce-col--xl-last vce-col--md-first vce-col--lg-first vce-col--xl-first our-vision-col\" id=\"el-f1d2952e\"><div class=\"vce-col-inner\" data-vce-do-apply=\"border margin background  el-f1d2952e\"><div class=\"vce-col-content\" data-vce-element-content=\"true\" data-vce-do-apply=\"padding el-f1d2952e\"><div class=\"vce-row-container\" data-vce-boxed-width=\"true\"><div class=\"vce-row vce-element--has-background vce-row--col-gap-0 our-vision-row vce-row-equal-height vce-row-content--middle\" id=\"el-8d5b0ee4\" data-vce-do-apply=\"all el-8d5b0ee4\"><div class=\"vce-content-background-container\"><\/div><div class=\"vce-row-content\" data-vce-element-content=\"true\"><div class=\"vce-col vce-col--xs-100p vce-col--xs-visible vce-col--xs-last vce-col--xs-first vce-col--sm-100p vce-col--sm-visible vce-col--sm-last vce-col--sm-first vce-col--md-60p vce-col--md-visible vce-col--md-first vce-col--lg-60p vce-col--lg-visible vce-col--lg-first vce-col--xl-60p vce-col--xl-visible vce-col--xl-first vision-text-col\" id=\"el-f5fd9974\"><div class=\"vce-col-inner\" data-vce-do-apply=\"border margin background  el-f5fd9974\"><div class=\"vce-col-content\" data-vce-element-content=\"true\" data-vce-do-apply=\"padding el-f5fd9974\"><div class=\"vce-text-block\"><div class=\"vce-text-block-wrapper vce\" id=\"el-63602bd6\" data-vce-do-apply=\"all el-63602bd6\"><p>Nous envisageons un monde o\u00f9 les partenariats, le partage des connaissances et le leadership \u00e9clair\u00e9 convergent pour garantir l'\u00e9quit\u00e9, la justice sociale et la sant\u00e9 pour tous.<\/p><\/div><\/div><\/div><\/div><\/div><div class=\"vce-col vce-col--xs-100p vce-col--xs-visible vce-col--xs-last vce-col--xs-first vce-col--sm-100p vce-col--sm-visible vce-col--sm-last vce-col--sm-first vce-col--md-40p vce-col--md-visible vce-col--md-last vce-col--lg-40p vce-col--lg-visible vce-col--lg-last vce-col--xl-30p vce-col--xl-visible vision-img-col\" id=\"el-875882fc\"><div class=\"vce-col-inner\" data-vce-do-apply=\"border margin background  el-875882fc\"><div class=\"vce-col-content\" data-vce-element-content=\"true\" data-vce-do-apply=\"padding el-875882fc\"><div class=\"vce-single-image-container vision-img vce-single-image--align-left\"><div class=\"vce vce-single-image-wrapper\" id=\"el-bdfb817b\" data-vce-do-apply=\"all el-bdfb817b\"><figure><div class=\"vce-single-image-figure-inner\" style=\"width: 1000px;\"><div class=\"vce-single-image-inner vce-single-image--absolute\" style=\"width: 100%; padding-bottom: 49%;\"><img loading=\"lazy\" decoding=\"async\" class=\"vce-single-image\"  width=\"1000\" height=\"490\" srcset=\"https:\/\/socialnormsandagencylcs.org\/wa-fr\/wp-content\/uploads\/sites\/6\/2025\/06\/cropped-horizontal-WALC-photo--320x157.webp 320w, https:\/\/socialnormsandagencylcs.org\/wa-fr\/wp-content\/uploads\/sites\/6\/2025\/06\/cropped-horizontal-WALC-photo--480x235.webp 480w, https:\/\/socialnormsandagencylcs.org\/wa-fr\/wp-content\/uploads\/sites\/6\/2025\/06\/cropped-horizontal-WALC-photo--800x392.webp 800w, https:\/\/socialnormsandagencylcs.org\/wa-fr\/wp-content\/uploads\/sites\/6\/2025\/08\/cropped-horizontal-WALC-photo--1000x490.webp 1000w\" src=\"https:\/\/socialnormsandagencylcs.org\/wa-fr\/wp-content\/uploads\/sites\/6\/2025\/08\/cropped-horizontal-WALC-photo--1000x490.webp\" data-img-src=\"https:\/\/socialnormsandagencylcs.org\/wa-fr\/wp-content\/uploads\/sites\/6\/visualcomposer-assets\/templates\/685266a8ed0231.93982930\/assets\/elements\/cropped-horizontal-WALC-photo-.webp\" data-attachment-id=\"530\"  alt=\"\" title=\"cropped horizontal WALC photo\" \/><\/div><\/div><figcaption hidden=\"\"><\/figcaption><\/figure><\/div><\/div><div class=\"vce-text-block our-vision-text\"><div class=\"vce-text-block-wrapper vce\" id=\"el-dc38d605\" data-vce-do-apply=\"all el-dc38d605\"><p>Notre vision<\/p><\/div><\/div><\/div><\/div><\/div><div class=\"vce-col vce-col--xs-100p vce-col--xs-visible vce-col--xs-last vce-col--xs-first vce-col--sm-100p vce-col--sm-visible vce-col--sm-last vce-col--sm-first vce-col--md-100p vce-col--md-visible vce-col--md-last vce-col--md-first vce-col--lg-100p vce-col--lg-visible vce-col--lg-last vce-col--lg-first vce-col--xl-10p vce-col--xl-visible vce-col--xl-last vision-icon-col\" id=\"el-eac3418b\"><div class=\"vce-col-inner\" data-vce-do-apply=\"border margin background  el-eac3418b\"><div class=\"vce-content-background-container\"><\/div><div class=\"vce-col-content\" data-vce-element-content=\"true\" data-vce-do-apply=\"padding el-eac3418b\"><div class=\"vce-single-image-container vision-icon-img vce-single-image--align-left\"><div class=\"vce vce-single-image-wrapper\" id=\"el-c1049d0e\" data-vce-do-apply=\"all el-c1049d0e\"><figure><div class=\"vce-single-image-figure-inner\" style=\"width: 122px;\"><div class=\"vce-single-image-inner vce-single-image--absolute\" style=\"width: 100%; padding-bottom: 100%;\"><img loading=\"lazy\" decoding=\"async\" class=\"vce-single-image\"  width=\"122\" height=\"122\" srcset=\"https:\/\/socialnormsandagencylcs.org\/wa-fr\/wp-content\/uploads\/sites\/6\/2025\/08\/Frame-151-122x122.webp 122w\" src=\"https:\/\/socialnormsandagencylcs.org\/wa-fr\/wp-content\/uploads\/sites\/6\/2025\/08\/Frame-151-122x122.webp\" data-img-src=\"https:\/\/socialnormsandagencylcs.org\/wa-fr\/wp-content\/uploads\/sites\/6\/visualcomposer-assets\/templates\/685266a8ed0231.93982930\/assets\/elements\/Frame-151.webp\" data-attachment-id=\"531\"  alt=\"Frame 151\" title=\"\" \/><\/div><\/div><figcaption hidden=\"\"><\/figcaption><\/figure><\/div><\/div><\/div><\/div><\/div><\/div><\/div><\/div><\/div><\/div><\/div><div class=\"vce-col vce-col--md-100p vce-col--xs-1 vce-col--xs-last vce-col--xs-first vce-col--sm-last vce-col--sm-first vce-col--md-last vce-col--lg-last vce-col--xl-last vce-col--md-first vce-col--lg-first vce-col--xl-first our-mission-col\" id=\"el-33b1594d\"><div class=\"vce-col-inner\" data-vce-do-apply=\"border margin background  el-33b1594d\"><div class=\"vce-col-content\" data-vce-element-content=\"true\" data-vce-do-apply=\"padding el-33b1594d\"><div class=\"vce-row-container\" data-vce-boxed-width=\"true\"><div class=\"vce-row vce-element--has-background vce-row--col-gap-0 our-mission-row vce-row-equal-height vce-row-content--middle\" id=\"el-a41655ab\" data-vce-do-apply=\"all el-a41655ab\"><div class=\"vce-content-background-container\"><\/div><div class=\"vce-row-content\" data-vce-element-content=\"true\"><div class=\"vce-col vce-col--xs-100p vce-col--xs-visible vce-col--xs-last vce-col--xs-first vce-col--sm-100p vce-col--sm-visible vce-col--sm-last vce-col--sm-first vce-col--md-100p vce-col--md-visible vce-col--md-last vce-col--md-first vce-col--lg-100p vce-col--lg-visible vce-col--lg-last vce-col--lg-first vce-col--xl-10p vce-col--xl-visible vce-col--xl-first mission-icon-col\" id=\"el-c72fc98e\"><div class=\"vce-col-inner\" data-vce-do-apply=\"border margin background  el-c72fc98e\"><div class=\"vce-col-content\" data-vce-element-content=\"true\" data-vce-do-apply=\"padding el-c72fc98e\"><div class=\"vce-single-image-container mission-icon-img vce-single-image--align-left\"><div class=\"vce vce-single-image-wrapper\" id=\"el-6cc853f3\" data-vce-do-apply=\"all el-6cc853f3\"><figure><div class=\"vce-single-image-figure-inner\" style=\"width: 122px;\"><div class=\"vce-single-image-inner vce-single-image--absolute\" style=\"width: 100%; padding-bottom: 100%;\"><img loading=\"lazy\" decoding=\"async\" class=\"vce-single-image\"  width=\"122\" height=\"122\" srcset=\"https:\/\/socialnormsandagencylcs.org\/wa-fr\/wp-content\/uploads\/sites\/6\/2025\/08\/Group-122x122.png 122w\" src=\"https:\/\/socialnormsandagencylcs.org\/wa-fr\/wp-content\/uploads\/sites\/6\/2025\/08\/Group-122x122.png\" data-img-src=\"https:\/\/socialnormsandagencylcs.org\/wa-fr\/wp-content\/uploads\/sites\/6\/visualcomposer-assets\/templates\/685266a8ed0231.93982930\/assets\/elements\/Group.png\" data-attachment-id=\"532\"  alt=\"Group\" title=\"\" \/><\/div><\/div><figcaption hidden=\"\"><\/figcaption><\/figure><\/div><\/div><\/div><\/div><\/div><div class=\"vce-col vce-col--xs-100p vce-col--xs-visible vce-col--xs-last vce-col--xs-first vce-col--sm-100p vce-col--sm-visible vce-col--sm-last vce-col--sm-first vce-col--md-40p vce-col--md-visible vce-col--md-first vce-col--lg-40p vce-col--lg-visible vce-col--lg-first vce-col--xl-30p vce-col--xl-visible mission-img-col\" id=\"el-5e9b9ec8\"><div class=\"vce-col-inner\" data-vce-do-apply=\"border margin background  el-5e9b9ec8\"><div class=\"vce-col-content\" data-vce-element-content=\"true\" data-vce-do-apply=\"padding el-5e9b9ec8\"><div class=\"vce-single-image-container mission-img vce-single-image--align-left\"><div class=\"vce vce-single-image-wrapper\" id=\"el-04876650\" data-vce-do-apply=\"all el-04876650\"><figure><div class=\"vce-single-image-figure-inner\" style=\"width: 750px;\"><div class=\"vce-single-image-inner vce-single-image--absolute\" style=\"width: 100%; padding-bottom: 133.333%;\"><img loading=\"lazy\" decoding=\"async\" class=\"vce-single-image\"  width=\"750\" height=\"1000\" srcset=\"https:\/\/socialnormsandagencylcs.org\/wa-fr\/wp-content\/uploads\/sites\/6\/2025\/06\/20230726_125002-1-320x427.webp 320w, https:\/\/socialnormsandagencylcs.org\/wa-fr\/wp-content\/uploads\/sites\/6\/2025\/06\/20230726_125002-1-480x640.webp 480w, https:\/\/socialnormsandagencylcs.org\/wa-fr\/wp-content\/uploads\/sites\/6\/2025\/08\/20230726_125002-1-750x1000.webp 750w\" src=\"https:\/\/socialnormsandagencylcs.org\/wa-fr\/wp-content\/uploads\/sites\/6\/2025\/08\/20230726_125002-1-750x1000.webp\" data-img-src=\"https:\/\/socialnormsandagencylcs.org\/wa-fr\/wp-content\/uploads\/sites\/6\/visualcomposer-assets\/templates\/685266a8ed0231.93982930\/assets\/elements\/20230726_125002-1.webp\" data-attachment-id=\"533\"  alt=\"20230726_125002\" title=\"\" \/><\/div><\/div><figcaption hidden=\"\"><\/figcaption><\/figure><\/div><\/div><div class=\"vce-text-block our-mission-text\"><div class=\"vce-text-block-wrapper vce\" id=\"el-2a255345\" data-vce-do-apply=\"all el-2a255345\"><p>Notre Mission<\/p><\/div><\/div><\/div><\/div><\/div><div class=\"vce-col vce-col--xs-100p vce-col--xs-visible vce-col--xs-last vce-col--xs-first vce-col--sm-100p vce-col--sm-visible vce-col--sm-last vce-col--sm-first vce-col--md-60p vce-col--md-visible vce-col--md-last vce-col--lg-60p vce-col--lg-visible vce-col--lg-last vce-col--xl-60p vce-col--xl-visible vce-col--xl-last mission-text-col\" id=\"el-642e8f1d\"><div class=\"vce-col-inner\" data-vce-do-apply=\"border margin background  el-642e8f1d\"><div class=\"vce-col-content\" data-vce-element-content=\"true\" data-vce-do-apply=\"padding el-642e8f1d\"><div class=\"vce-text-block\"><div class=\"vce-text-block-wrapper vce\" id=\"el-5b088bca\" data-vce-do-apply=\"all el-5b088bca\"><p>Renforcer la recherche et la pratique sur le genre, les normes sociales et l\u2019agentivit\u00e9 Cr\u00e9er un r\u00e9seau de praticiens, de chercheurs, d'\u00e9valuateurs et de d\u00e9fenseurs Partager les connaissances, G\u00e9n\u00e8rer des evidences et d\u00e9velopper des ressources pour soutenir les programmes de changement social et comportemental.<\/p><\/div><\/div><\/div><\/div><\/div><\/div><\/div><\/div><\/div><\/div><\/div><\/div><\/div><\/div><div class=\"vce-row-container\" data-vce-boxed-width=\"true\"><div class=\"vce-row vce-row--col-gap-30 side-space tb-space vce-row-equal-height vce-row-content--top\" id=\"el-5d67a39c\" data-vce-do-apply=\"all el-5d67a39c\"><div class=\"vce-row-content\" data-vce-element-content=\"true\"><div class=\"vce-col vce-col--md-auto vce-col--xs-1 vce-col--xs-last vce-col--xs-first vce-col--sm-last vce-col--sm-first vce-col--md-last vce-col--lg-last vce-col--xl-last vce-col--md-first vce-col--lg-first vce-col--xl-first\" id=\"el-e778fef8\"><div class=\"vce-col-inner\" data-vce-do-apply=\"border margin background  el-e778fef8\"><div class=\"vce-col-content\" data-vce-element-content=\"true\" data-vce-do-apply=\"padding el-e778fef8\"><div class=\"vce-text-block\"><div class=\"vce-text-block-wrapper vce\" id=\"el-42af6f1a\" data-vce-do-apply=\"all el-42af6f1a\"><h2 style=\"text-align: center;\">Rejoignez le FWA-LC<\/h2><p style=\"text-align: center;\">Plus de 300 membres se sont r\u00e9unis pour d\u00e9couvrir et travailler sur FWA-LC. Participez \u00e0 cette conversation d\u00e8s aujourd'hui.<\/p><\/div><\/div><div class=\"vce-button--style-basic-container join-btn vce-button--style-basic-container--align-left\"><span class=\"vce-button--style-basic-wrapper vce\" id=\"el-89ed64d5\" data-vce-do-apply=\"margin el-89ed64d5\"><a class=\"vce-button vce-button--style-basic vce-button--style-basic--border-square vce-button--style-basic--size-small vce-button--style-basic--color-ba-0-0-0-0--b-255-255-255\" href=\"https:\/\/docs.google.com\/forms\/d\/e\/1FAIpQLSfvZ35U66d55sqHtwDI1Zj8mr6FvgHuQIwRNhgrKZaIkn89PQ\/viewform\" title=\"\" target=\"_blank\" rel=\"nofollow\" data-vce-do-apply=\"padding border background  el-89ed64d5\">Rejoignez-nous maintenant<\/a><\/span><\/div><\/div><\/div><\/div><\/div><\/div><\/div>\n","protected":false},"excerpt":{"rendered":"<p>\u00c0 propos de nousQui sommes-nousla Communaut\u00e9 d\u2019apprentissage sur les normes sociales et l\u2019Agentivit\u00e9 est un r\u00e9seau de praticiens, chercheurs, de d\u00e9cideurs et responsable de programme en Afrique Francophone ayant des int\u00e9r\u00eats communs sur la recherche et les interventions sur le genre, les normes sociales et l\u2019agentivit\u00e9 dans le domaine de la sant\u00e9 et le d\u00e9veloppement.Nous &hellip; <\/p>\n<p class=\"link-more\"><a href=\"https:\/\/socialnormsandagencylcs.org\/wa-fr\/about-us\/\" class=\"more-link\">Continue reading<span class=\"screen-reader-text\"> &#8220;About Us&#8221;<\/span><\/a><\/p>\n","protected":false},"author":1,"featured_media":0,"parent":0,"menu_order":0,"comment_status":"closed","ping_status":"closed","template":"","meta":{"_acf_changed":false,"inline_featured_image":false,"footnotes":""},"class_list":["post-625","page","type-page","status-publish","hentry"],"acf":[],"yoast_head":"<!-- This site is optimized with the Yoast SEO plugin v27.3 - https:\/\/yoast.com\/product\/yoast-seo-wordpress\/ -->\n<title>About Us - FWALC<\/title>\n<meta name=\"robots\" content=\"index, follow, max-snippet:-1, max-image-preview:large, max-video-preview:-1\" \/>\n<link rel=\"canonical\" href=\"https:\/\/socialnormsandagencylcs.org\/wa-fr\/about-us\/\" \/>\n<meta property=\"og:locale\" content=\"en_US\" \/>\n<meta property=\"og:type\" content=\"article\" \/>\n<meta property=\"og:title\" content=\"About Us - FWALC\" \/>\n<meta property=\"og:description\" content=\"\u00c0 propos de nousQui sommes-nousla Communaut\u00e9 d\u2019apprentissage sur les normes sociales et l\u2019Agentivit\u00e9 est un r\u00e9seau de praticiens, chercheurs, de d\u00e9cideurs et responsable de programme en Afrique Francophone ayant des int\u00e9r\u00eats communs sur la recherche et les interventions sur le genre, les normes sociales et l\u2019agentivit\u00e9 dans le domaine de la sant\u00e9 et le d\u00e9veloppement.Nous &hellip; Continue reading &quot;About Us&quot;\" \/>\n<meta property=\"og:url\" content=\"https:\/\/socialnormsandagencylcs.org\/wa-fr\/about-us\/\" \/>\n<meta property=\"og:site_name\" content=\"SNALC Afrique de l\u2019Ouest\" \/>\n<meta property=\"article:modified_time\" content=\"2025-08-05T13:42:47+00:00\" \/>\n<meta name=\"twitter:card\" content=\"summary_large_image\" \/>\n<meta name=\"twitter:label1\" content=\"Est. reading time\" \/>\n\t<meta name=\"twitter:data1\" content=\"6 minutes\" \/>\n<script type=\"application\/ld+json\" class=\"yoast-schema-graph\">{\"@context\":\"https:\\\/\\\/schema.org\",\"@graph\":[{\"@type\":\"WebPage\",\"@id\":\"https:\\\/\\\/socialnormsandagencylcs.org\\\/wa-fr\\\/about-us\\\/\",\"url\":\"https:\\\/\\\/socialnormsandagencylcs.org\\\/wa-fr\\\/about-us\\\/\",\"name\":\"About Us - FWALC\",\"isPartOf\":{\"@id\":\"https:\\\/\\\/socialnormsandagencylcs.org\\\/wa-fr\\\/#website\"},\"datePublished\":\"2025-06-18T09:42:29+00:00\",\"dateModified\":\"2025-08-05T13:42:47+00:00\",\"breadcrumb\":{\"@id\":\"https:\\\/\\\/socialnormsandagencylcs.org\\\/wa-fr\\\/about-us\\\/#breadcrumb\"},\"inLanguage\":\"en-US\",\"potentialAction\":[{\"@type\":\"ReadAction\",\"target\":[\"https:\\\/\\\/socialnormsandagencylcs.org\\\/wa-fr\\\/about-us\\\/\"]}]},{\"@type\":\"BreadcrumbList\",\"@id\":\"https:\\\/\\\/socialnormsandagencylcs.org\\\/wa-fr\\\/about-us\\\/#breadcrumb\",\"itemListElement\":[{\"@type\":\"ListItem\",\"position\":1,\"name\":\"Home\",\"item\":\"https:\\\/\\\/socialnormsandagencylcs.org\\\/wa-fr\\\/\"},{\"@type\":\"ListItem\",\"position\":2,\"name\":\"About Us\"}]},{\"@type\":\"WebSite\",\"@id\":\"https:\\\/\\\/socialnormsandagencylcs.org\\\/wa-fr\\\/#website\",\"url\":\"https:\\\/\\\/socialnormsandagencylcs.org\\\/wa-fr\\\/\",\"name\":\"SNALC Afrique de l\u2019Ouest\",\"description\":\"\",\"potentialAction\":[{\"@type\":\"SearchAction\",\"target\":{\"@type\":\"EntryPoint\",\"urlTemplate\":\"https:\\\/\\\/socialnormsandagencylcs.org\\\/wa-fr\\\/?s={search_term_string}\"},\"query-input\":{\"@type\":\"PropertyValueSpecification\",\"valueRequired\":true,\"valueName\":\"search_term_string\"}}],\"inLanguage\":\"en-US\"}]}<\/script>\n<!-- \/ Yoast SEO plugin. -->","yoast_head_json":{"title":"About Us - FWALC","robots":{"index":"index","follow":"follow","max-snippet":"max-snippet:-1","max-image-preview":"max-image-preview:large","max-video-preview":"max-video-preview:-1"},"canonical":"https:\/\/socialnormsandagencylcs.org\/wa-fr\/about-us\/","og_locale":"en_US","og_type":"article","og_title":"About Us - FWALC","og_description":"\u00c0 propos de nousQui sommes-nousla Communaut\u00e9 d\u2019apprentissage sur les normes sociales et l\u2019Agentivit\u00e9 est un r\u00e9seau de praticiens, chercheurs, de d\u00e9cideurs et responsable de programme en Afrique Francophone ayant des int\u00e9r\u00eats communs sur la recherche et les interventions sur le genre, les normes sociales et l\u2019agentivit\u00e9 dans le domaine de la sant\u00e9 et le d\u00e9veloppement.Nous &hellip; Continue reading \"About Us\"","og_url":"https:\/\/socialnormsandagencylcs.org\/wa-fr\/about-us\/","og_site_name":"SNALC Afrique de l\u2019Ouest","article_modified_time":"2025-08-05T13:42:47+00:00","twitter_card":"summary_large_image","twitter_misc":{"Est. reading time":"6 minutes"},"schema":{"@context":"https:\/\/schema.org","@graph":[{"@type":"WebPage","@id":"https:\/\/socialnormsandagencylcs.org\/wa-fr\/about-us\/","url":"https:\/\/socialnormsandagencylcs.org\/wa-fr\/about-us\/","name":"About Us - FWALC","isPartOf":{"@id":"https:\/\/socialnormsandagencylcs.org\/wa-fr\/#website"},"datePublished":"2025-06-18T09:42:29+00:00","dateModified":"2025-08-05T13:42:47+00:00","breadcrumb":{"@id":"https:\/\/socialnormsandagencylcs.org\/wa-fr\/about-us\/#breadcrumb"},"inLanguage":"en-US","potentialAction":[{"@type":"ReadAction","target":["https:\/\/socialnormsandagencylcs.org\/wa-fr\/about-us\/"]}]},{"@type":"BreadcrumbList","@id":"https:\/\/socialnormsandagencylcs.org\/wa-fr\/about-us\/#breadcrumb","itemListElement":[{"@type":"ListItem","position":1,"name":"Home","item":"https:\/\/socialnormsandagencylcs.org\/wa-fr\/"},{"@type":"ListItem","position":2,"name":"About Us"}]},{"@type":"WebSite","@id":"https:\/\/socialnormsandagencylcs.org\/wa-fr\/#website","url":"https:\/\/socialnormsandagencylcs.org\/wa-fr\/","name":"SNALC Afrique de l\u2019Ouest","description":"","potentialAction":[{"@type":"SearchAction","target":{"@type":"EntryPoint","urlTemplate":"https:\/\/socialnormsandagencylcs.org\/wa-fr\/?s={search_term_string}"},"query-input":{"@type":"PropertyValueSpecification","valueRequired":true,"valueName":"search_term_string"}}],"inLanguage":"en-US"}]}},"_links":{"self":[{"href":"https:\/\/socialnormsandagencylcs.org\/wa-fr\/wp-json\/wp\/v2\/pages\/625","targetHints":{"allow":["GET"]}}],"collection":[{"href":"https:\/\/socialnormsandagencylcs.org\/wa-fr\/wp-json\/wp\/v2\/pages"}],"about":[{"href":"https:\/\/socialnormsandagencylcs.org\/wa-fr\/wp-json\/wp\/v2\/types\/page"}],"author":[{"embeddable":true,"href":"https:\/\/socialnormsandagencylcs.org\/wa-fr\/wp-json\/wp\/v2\/users\/1"}],"replies":[{"embeddable":true,"href":"https:\/\/socialnormsandagencylcs.org\/wa-fr\/wp-json\/wp\/v2\/comments?post=625"}],"version-history":[{"count":22,"href":"https:\/\/socialnormsandagencylcs.org\/wa-fr\/wp-json\/wp\/v2\/pages\/625\/revisions"}],"predecessor-version":[{"id":954,"href":"https:\/\/socialnormsandagencylcs.org\/wa-fr\/wp-json\/wp\/v2\/pages\/625\/revisions\/954"}],"wp:attachment":[{"href":"https:\/\/socialnormsandagencylcs.org\/wa-fr\/wp-json\/wp\/v2\/media?parent=625"}],"curies":[{"name":"wp","href":"https:\/\/api.w.org\/{rel}","templated":true}]}}